{"id":1130,"date":"2025-03-10T12:55:08","date_gmt":"2025-03-10T10:55:08","guid":{"rendered":"https:\/\/impresiona.zaragozadinamica.net\/?page_id=1130"},"modified":"2025-04-02T14:12:07","modified_gmt":"2025-04-02T12:12:07","slug":"el-pex-impresiona-zaragoza-ii","status":"publish","type":"page","link":"https:\/\/impresiona.zaragozadinamica.net\/?page_id=1130","title":{"rendered":"El PEX Impresiona Zaragoza III"},"content":{"rendered":"\n<p class=\"has-text-align-left\">El Programa Experiencial de Empleo y Formaci\u00f3n Impresiona Zaragoza III cuenta con una \u00fanica especialidad: Impresi\u00f3n Digital. 10 alumnas\/os forman parte del mismo y su profesor es Jos\u00e9 Antonio Lozano Alejandre, que cuenta con amplia trayectoria profesional y docente en Zaragoza Din\u00e1mica, tanto en el Programa de Escuelas Taller cuanto en el de Formaci\u00f3n para el Empleo.<\/p>\n\n\n\n<p class=\"has-text-align-left\">Se desarrollar\u00e1 en tres fases de tres, tres y seis meses, durante las cuales el alumnado estar\u00e1 contratado con un Contrato de Formaci\u00f3n en Alternancia, mientras lleva a cabo su aprendizaje, basado en el certificado de profesionalidad de la especialidad y una completa formaci\u00f3n complementaria profesional y transversal. <\/p>\n\n\n\n<p>Fruto y objeto de dicho aprendizaje ser\u00e1n los diferentes trabajos de campa\u00f1as publicitarias, se\u00f1al\u00e9tica en edificios p\u00fablicos, carteler\u00eda e instalaciones, sobre diferentes tem\u00e1ticas, que se ir\u00e1n mostrando en esta web.<\/p>\n\n\n\n<div class=\"wp-block-group\"><div class=\"wp-block-group__inner-container is-layout-constrained wp-block-group-is-layout-constrained\"><div class=\"wp-block-image is-style-rounded\">\n<figure class=\"aligncenter size-full is-resized\"><img loading=\"lazy\" decoding=\"async\" width=\"380\" height=\"303\" src=\"https:\/\/impresiona.zaragozadinamica.net\/wp-content\/uploads\/2025\/03\/1-1-1.jpg\" alt=\"\" class=\"wp-image-2209\" style=\"aspect-ratio:4\/3;object-fit:cover;width:562px;height:auto\" srcset=\"https:\/\/impresiona.zaragozadinamica.net\/wp-content\/uploads\/2025\/03\/1-1-1.jpg 380w, https:\/\/impresiona.zaragozadinamica.net\/wp-content\/uploads\/2025\/03\/1-1-1-200x159.jpg 200w\" sizes=\"auto, (max-width: 380px) 100vw, 380px\" \/><\/figure>\n<\/div><\/div><\/div>\n\n\n\n<p class=\"has-small-font-size\"><\/p>\n\n\n\n<p><\/p>\n","protected":false},"excerpt":{"rendered":"<p>El Programa Experiencial de Empleo y Formaci\u00f3n Impresiona Zaragoza III cuenta con una \u00fanica especialidad: Impresi\u00f3n Digital. 10 alumnas\/os forman parte del mismo y su profesor es Jos\u00e9 Antonio Lozano<\/p>\n","protected":false},"author":3,"featured_media":0,"parent":0,"menu_order":0,"comment_status":"closed","ping_status":"closed","template":"","meta":{"footnotes":""},"class_list":["post-1130","page","type-page","status-publish","hentry"],"aioseo_notices":[],"_links":{"self":[{"href":"https:\/\/impresiona.zaragozadinamica.net\/index.php?rest_route=\/wp\/v2\/pages\/1130","targetHints":{"allow":["GET"]}}],"collection":[{"href":"https:\/\/impresiona.zaragozadinamica.net\/index.php?rest_route=\/wp\/v2\/pages"}],"about":[{"href":"https:\/\/impresiona.zaragozadinamica.net\/index.php?rest_route=\/wp\/v2\/types\/page"}],"author":[{"embeddable":true,"href":"https:\/\/impresiona.zaragozadinamica.net\/index.php?rest_route=\/wp\/v2\/users\/3"}],"replies":[{"embeddable":true,"href":"https:\/\/impresiona.zaragozadinamica.net\/index.php?rest_route=%2Fwp%2Fv2%2Fcomments&post=1130"}],"version-history":[{"count":10,"href":"https:\/\/impresiona.zaragozadinamica.net\/index.php?rest_route=\/wp\/v2\/pages\/1130\/revisions"}],"predecessor-version":[{"id":2261,"href":"https:\/\/impresiona.zaragozadinamica.net\/index.php?rest_route=\/wp\/v2\/pages\/1130\/revisions\/2261"}],"wp:attachment":[{"href":"https:\/\/impresiona.zaragozadinamica.net\/index.php?rest_route=%2Fwp%2Fv2%2Fmedia&parent=1130"}],"curies":[{"name":"wp","href":"https:\/\/api.w.org\/{rel}","templated":true}]}}