{"id":1720,"date":"2025-02-22T11:48:50","date_gmt":"2025-02-22T09:48:50","guid":{"rendered":"https:\/\/impresiona.zaragozadinamica.net\/?page_id=1720"},"modified":"2025-04-02T14:11:32","modified_gmt":"2025-04-02T12:11:32","slug":"canal-del-profesor-jose-antonio-lozano","status":"publish","type":"page","link":"https:\/\/impresiona.zaragozadinamica.net\/?page_id=1720","title":{"rendered":"Canal del profesor Jos\u00e9 Antonio Lozano"},"content":{"rendered":"\n<p>Dise\u00f1ando de propio es un canal de tutoriales de la suite de Affinity, pero no es solo eso, aqu\u00ed veremos tambi\u00e9n tutoriales de taller, c\u00f3mo instalar vinilos, hacer camisetas de vinilo textil, rotular, desrotular, imprimir, plottear, manipular vinilo, trabajar con diferentes soportes, etc. No nos quedamos solo con eso, tambi\u00e9n repasamos los temarios para las certificaciones profesionales de Maquetador de elementos gr\u00e1ficos y de Impresor de gran formato. Es te es un lugar para aprender sobre las artes gr\u00e1ficas de la manera m\u00e1s funcional posible, sin olvidarnos de divertirnos un poco y hacer del mundo de la impresi\u00f3n algo divertido de aprender. No dudes en ponerte en contacto para cualquier duda que tengas. #affinity #affinityphoto #affinitypublisher #affinitydesigner #affinityenespa\u00f1ol<\/p>\n\n\n\n<p><a href=\"https:\/\/youtube.com\/@antoniolozanoddp?si=WufAIgukV9apPXt4\">https:\/\/youtube.com\/@antoniolozanoddp?si=WufAIgukV9apPXt4<\/a><\/p>\n\n\n\n<figure class=\"wp-block-image size-large\"><img loading=\"lazy\" decoding=\"async\" width=\"1024\" height=\"488\" src=\"https:\/\/impresiona.zaragozadinamica.net\/wp-content\/uploads\/2023\/09\/image-1024x488.png\" alt=\"\" class=\"wp-image-1721\" srcset=\"https:\/\/impresiona.zaragozadinamica.net\/wp-content\/uploads\/2023\/09\/image-1024x488.png 1024w, https:\/\/impresiona.zaragozadinamica.net\/wp-content\/uploads\/2023\/09\/image-300x143.png 300w, https:\/\/impresiona.zaragozadinamica.net\/wp-content\/uploads\/2023\/09\/image-768x366.png 768w, https:\/\/impresiona.zaragozadinamica.net\/wp-content\/uploads\/2023\/09\/image.png 1512w\" sizes=\"auto, (max-width: 1024px) 100vw, 1024px\" \/><\/figure>\n","protected":false},"excerpt":{"rendered":"<p>Dise\u00f1ando de propio es un canal de tutoriales de la suite de Affinity, pero no es solo eso, aqu\u00ed veremos tambi\u00e9n tutoriales de taller, c\u00f3mo instalar vinilos, hacer camisetas de<\/p>\n","protected":false},"author":3,"featured_media":0,"parent":0,"menu_order":0,"comment_status":"closed","ping_status":"closed","template":"","meta":{"footnotes":""},"class_list":["post-1720","page","type-page","status-publish","hentry"],"aioseo_notices":[],"_links":{"self":[{"href":"https:\/\/impresiona.zaragozadinamica.net\/index.php?rest_route=\/wp\/v2\/pages\/1720","targetHints":{"allow":["GET"]}}],"collection":[{"href":"https:\/\/impresiona.zaragozadinamica.net\/index.php?rest_route=\/wp\/v2\/pages"}],"about":[{"href":"https:\/\/impresiona.zaragozadinamica.net\/index.php?rest_route=\/wp\/v2\/types\/page"}],"author":[{"embeddable":true,"href":"https:\/\/impresiona.zaragozadinamica.net\/index.php?rest_route=\/wp\/v2\/users\/3"}],"replies":[{"embeddable":true,"href":"https:\/\/impresiona.zaragozadinamica.net\/index.php?rest_route=%2Fwp%2Fv2%2Fcomments&post=1720"}],"version-history":[{"count":2,"href":"https:\/\/impresiona.zaragozadinamica.net\/index.php?rest_route=\/wp\/v2\/pages\/1720\/revisions"}],"predecessor-version":[{"id":1726,"href":"https:\/\/impresiona.zaragozadinamica.net\/index.php?rest_route=\/wp\/v2\/pages\/1720\/revisions\/1726"}],"wp:attachment":[{"href":"https:\/\/impresiona.zaragozadinamica.net\/index.php?rest_route=%2Fwp%2Fv2%2Fmedia&parent=1720"}],"curies":[{"name":"wp","href":"https:\/\/api.w.org\/{rel}","templated":true}]}}